{"id":52,"date":"2024-04-28T04:50:35","date_gmt":"2024-04-28T04:50:35","guid":{"rendered":"https:\/\/wordpress.themeholy.com\/restar\/?page_id=52"},"modified":"2025-05-13T10:13:41","modified_gmt":"2025-05-13T10:13:41","slug":"about","status":"publish","type":"page","link":"https:\/\/badajoz.royaltandoori.eu\/de\/about\/","title":{"rendered":"\u00dcber Uns"},"content":{"rendered":"<div data-elementor-type=\"wp-page\" data-elementor-id=\"52\" class=\"elementor elementor-52\">\n\t\t\t\t<div class=\"elementor-element elementor-element-18234db e-flex e-con-boxed e-con e-parent\" data-id=\"18234db\" data-element_type=\"container\">\n\t\t\t\t\t<div class=\"e-con-inner\">\n\t\t<div class=\"elementor-element elementor-element-be3da91 e-con-full e-flex e-con e-child\" data-id=\"be3da91\" data-element_type=\"container\">\n\t\t\r\n\t\t<div class=\"elementor-element elementor-element-40be8bc elementor-widget elementor-widget-restarsectiontitle\" data-id=\"40be8bc\" data-element_type=\"widget\" data-widget_type=\"restarsectiontitle.default\">\n\t\t\t\t<div class=\"elementor-widget-container\">\n\t\t\t\t\t\t\t<div class=\"title-area text-center\">\r\n\t\t\t<span class=\"sub-title3\"><img decoding=\"async\" src=\"https:\/\/wordpress.themeholy.com\/restar\/wp-content\/uploads\/2024\/05\/title_icon2.svg\" alt=\"title_icon2\" >UNSER RESTAURANT SERVICES<\/span><h2 class=\"sec-title\">Unser Engagement f\u00fcr Exzellenz<\/h2>\t\t<\/div>\r\n\r\n\t\t\t\t\t<\/div>\n\t\t\t\t<\/div>\n\t\t\t\t<div class=\"elementor-element elementor-element-220a078 elementor-widget elementor-widget-restarservice\" data-id=\"220a078\" data-element_type=\"widget\" data-widget_type=\"restarservice.default\">\n\t\t\t\t<div class=\"elementor-widget-container\">\n\t\t\t\t\t<div class=\"row gy-4\"><div class=\"col-xl-3 col-md-6\"><div class=\"feature-box\"><div class=\"box-shape\"><img decoding=\"async\" src=\"https:\/\/wordpress.themeholy.com\/restar\/wp-content\/uploads\/2024\/05\/flower_7.png\" alt=\"flower_7\" ><\/div><div class=\"box-icon\"><img decoding=\"async\" src=\"https:\/\/wordpress.themeholy.com\/restar\/wp-content\/uploads\/2024\/05\/feature_box_1.svg\" alt=\"feature_box_1\" ><\/div><div class=\"media-body\"><h3 class=\"box-title text-ani\"><a href=\"\">Spice &amp; Einsparungen<\/a><\/h3><div class=\"text-ani\"><p class=\"box-text\">Genie\u00dfen Sie einen besonderen Rabatt Sie genie\u00dfen Sie die authentische Gew\u00fcrze unserer traditionellen indischen K\u00fcche.<\/p><\/div><\/div><\/div><\/div><div class=\"col-xl-3 col-md-6\"><div class=\"feature-box\"><div class=\"box-shape\"><img decoding=\"async\" src=\"https:\/\/wordpress.themeholy.com\/restar\/wp-content\/uploads\/2024\/05\/flower_7.png\" alt=\"flower_7\" ><\/div><div class=\"box-icon\"><img decoding=\"async\" src=\"https:\/\/wordpress.themeholy.com\/restar\/wp-content\/uploads\/2024\/05\/feature_box_2.svg\" alt=\"feature_box_2\" ><\/div><div class=\"media-body\"><h3 class=\"box-title text-ani\"><a href=\"\">Traditionelle Rezepte<\/a><\/h3><div class=\"text-ani\"><p class=\"box-text\">Freude an der klassischen indischen Rezepte, fachm\u00e4nnisch vorbereitet, um Ihnen bold, vibrant flavors.<\/p><\/div><\/div><\/div><\/div><div class=\"col-xl-3 col-md-6\"><div class=\"feature-box\"><div class=\"box-shape\"><img decoding=\"async\" src=\"https:\/\/wordpress.themeholy.com\/restar\/wp-content\/uploads\/2024\/05\/flower_7.png\" alt=\"flower_7\" ><\/div><div class=\"box-icon\"><img decoding=\"async\" src=\"https:\/\/badajoz.royaltandoori.eu\/wp-content\/uploads\/2024\/05\/feature_box_12.svg\" alt=\"feature_box_12\" ><\/div><div class=\"media-body\"><h3 class=\"box-title text-ani\"><a href=\"\">Frische Zutaten<\/a><\/h3><div class=\"text-ani\"><p class=\"box-text\">Wir Quelle nur die frischesten Zutaten zu erstellen, geschmackvollen, qualitativ hochwertigen Speisen zu jeder Mahlzeit.<\/p><\/div><\/div><\/div><\/div><div class=\"col-xl-3 col-md-6\"><div class=\"feature-box\"><div class=\"box-shape\"><img decoding=\"async\" src=\"https:\/\/wordpress.themeholy.com\/restar\/wp-content\/uploads\/2024\/05\/flower_7.png\" alt=\"flower_7\" ><\/div><div class=\"box-icon\"><img decoding=\"async\" src=\"https:\/\/wordpress.themeholy.com\/restar\/wp-content\/uploads\/2024\/05\/feature_box_4.svg\" alt=\"feature_box_4\" ><\/div><div class=\"media-body\"><h3 class=\"box-title text-ani\"><a href=\"\">Tisch-Service<\/a><\/h3><div class=\"text-ani\"><p class=\"box-text\">Entspannen Sie als unser Personal serviert Ihnen frisch zubereitete Indische Spezialit\u00e4ten direkt auf Ihren Tisch mit Sorgfalt.\n\n<\/p><\/div><\/div><\/div><\/div><\/div>\t\t\t\t<\/div>\n\t\t\t\t<\/div>\n\t\t\t\t<\/div>\n\t\t\t\t\t<\/div>\n\t\t\t\t<\/div>\n\t\t<div class=\"elementor-element elementor-element-6103973 e-con-full e-flex e-con e-parent\" data-id=\"6103973\" data-element_type=\"container\">\n\t\t\t\t<div class=\"elementor-element elementor-element-7e67942 elementor-widget elementor-widget-restarshapeimage\" data-id=\"7e67942\" data-element_type=\"widget\" data-widget_type=\"restarshapeimage.default\">\n\t\t\t\t<div class=\"elementor-widget-container\">\n\t\t\t\t\t<!-- Image --><div class=\"shape-mockup  jump\" data-top=\"10%\" data-right=\"0.01%\"><img decoding=\"async\" src=\"https:\/\/wordpress.themeholy.com\/restar\/wp-content\/uploads\/2024\/05\/flower_2.png\" data-speed=\"1.1\" alt=\"Shape Image\" ><\/div><!-- End Image -->\t\t\t\t<\/div>\n\t\t\t\t<\/div>\n\t\t\t\t<div class=\"elementor-element elementor-element-246f327 elementor-widget elementor-widget-restarshapeimage\" data-id=\"246f327\" data-element_type=\"widget\" data-widget_type=\"restarshapeimage.default\">\n\t\t\t\t<div class=\"elementor-widget-container\">\n\t\t\t\t\t<!-- Image --><div class=\"shape-mockup  jump\" data-bottom=\"10%\" data-right=\"8%\"><img decoding=\"async\" src=\"https:\/\/wordpress.themeholy.com\/restar\/wp-content\/uploads\/2024\/05\/garlic_1.png\" data-speed=\"1.12\" alt=\"Shape Image\" ><\/div><!-- End Image -->\t\t\t\t<\/div>\n\t\t\t\t<\/div>\n\t\t<div class=\"elementor-element elementor-element-96aa7d9 e-flex e-con-boxed e-con e-child\" data-id=\"96aa7d9\" data-element_type=\"container\">\n\t\t\t\t\t<div class=\"e-con-inner\">\n\t\t<div class=\"elementor-element elementor-element-050c6f4 e-con-full e-flex e-con e-child\" data-id=\"050c6f4\" data-element_type=\"container\">\n\t\t<div class=\"elementor-element elementor-element-685a62b e-con-full e-flex e-con e-child\" data-id=\"685a62b\" data-element_type=\"container\">\n\t\t\t\t<div class=\"elementor-element elementor-element-010672d elementor-widget elementor-widget-restarimage\" data-id=\"010672d\" data-element_type=\"widget\" data-widget_type=\"restarimage.default\">\n\t\t\t\t<div class=\"elementor-widget-container\">\n\t\t\t\t\t<div class=\"img-box8\"><div class=\"shape1\"><img decoding=\"async\" src=\"https:\/\/wordpress.themeholy.com\/restar\/wp-content\/uploads\/2024\/05\/flower_8.png\" alt=\"flower_8\"  class=\"gspin\"><\/div><div class=\"img1\"><img decoding=\"async\" src=\"https:\/\/badajoz.royaltandoori.eu\/wp-content\/uploads\/2024\/10\/2023-07-13.jpg\" alt=\"2023 07 13\" ><\/div><\/div>\t\t\t\t<\/div>\n\t\t\t\t<\/div>\n\t\t\t\t<\/div>\n\t\t<div class=\"elementor-element elementor-element-5cbd3c6 e-con-full ps-xxl-5 e-flex e-con e-child\" data-id=\"5cbd3c6\" data-element_type=\"container\">\n\t\t\t\t<div class=\"elementor-element elementor-element-1b288f8 elementor-widget elementor-widget-restarsectiontitle\" data-id=\"1b288f8\" data-element_type=\"widget\" data-widget_type=\"restarsectiontitle.default\">\n\t\t\t\t<div class=\"elementor-widget-container\">\n\t\t\t\t\t\t\t<div class=\"title-area text-center mb-35\">\r\n\t\t\t<span class=\"sub-title3\"><img decoding=\"async\" src=\"https:\/\/wordpress.themeholy.com\/restar\/wp-content\/uploads\/2024\/05\/title_icon2.svg\" alt=\"title_icon2\" >\u00dcBER UNSER RESTAURANT<\/span><h2 class=\"sec-title\">Ein Geschmack von Indias Finest<\/h2><div class=\"text-ani\"><p class=\"sec-text\">Royal Tandoori Indian Restaurant begann seine Reise im Jahr 2010 in Zaragoza, inspiriert von der reichen und vielf\u00e4ltigen kulinarischen Traditionen von Indien. \u00dcber die Jahre, wir haben gewachsen bis zu 15 restaurants in ganz Spanien und Portugal, bringen die authentischen Aromen der indischen K\u00fcche ein neues Publikum. Unser neuestes restaurant, \u00f6ffnete in C\u00e1ceres, ist ein Beweis f\u00fcr unser Engagement f\u00fcr Exzellenz und Leidenschaft f\u00fcr das teilen Indiens kulinarische Erbe mit der Welt.\n\nRoyal Tandoori, wir Feiern Indiens kulturelle Vielfalt durch unser Men\u00fc bietet eine fusion aus traditionellen und modernen Gerichten, die widerspiegeln, den regionalen Spezialit\u00e4ten des Landes. Von der lebhaften, spice-infused Curry von Norden bis zu den zarten, duftenden Reis Gerichte des S\u00fcdens, zu jeder Mahlzeit wird in Handarbeit mit altehrw\u00fcrdigen Rezepten, die \u00fcber Generationen weitergegeben. Wir sind stolz auf die Verwendung der frischesten Zutaten und authentische Gew\u00fcrze, um sicherzustellen, dass jedes Gericht ist eine wahre Darstellung von Indiens reiche kulinarische Wandteppich.\n\nUnser Engagement f\u00fcr Qualit\u00e4t und harte Arbeit war die treibende Kraft hinter unserem Wachstum und Erfolg. Da wir expandieren, wir bleiben fokussierten auf die Bereitstellung von au\u00dfergew\u00f6hnlichen service und bieten unseren Kunden mit die beste gastronomische Erfahrung m\u00f6glich. Wir sind stolz darauf, eine Atmosph\u00e4re zu schaffen, wo die G\u00e4ste nicht nur eine Mahlzeit, sondern eine immersive kulturelle Erfahrungen.\n\nDie Kundenzufriedenheit ist der Kern unserer Philosophie. Wir st\u00e4ndig Innovationen zu verbessern, die dining-Erlebnis mit Pers\u00f6nlichem service und einzigartige Gerichte, die auf die Anforderungen unserer Kunden Geschmack und Vorlieben. Ob es ein Familienfest, ein Gesch\u00e4ftsessen oder eine feier, Royal Tandoori verspricht ein Geschmack von Indien, die verweilt, lange nachdem die Mahlzeit vorbei ist. Unser Fokus auf tradition, Qualit\u00e4t und service sorgt daf\u00fcr, dass wir wachsen weiter und bringen das beste der indischen K\u00fcche zu neuen Zielen.<\/p><\/div>\t\t<\/div>\r\n\r\n\t\t\t\t\t<\/div>\n\t\t\t\t<\/div>\n\t\t\t\t<div class=\"elementor-element elementor-element-63cfc8d elementor-widget elementor-widget-image\" data-id=\"63cfc8d\" data-element_type=\"widget\" data-widget_type=\"image.default\">\n\t\t\t\t<div class=\"elementor-widget-container\">\n\t\t\t\t\t\t\t\t\t\t\t\t\t\t\t<img decoding=\"async\" width=\"278\" height=\"8\" src=\"https:\/\/badajoz.royaltandoori.eu\/wp-content\/uploads\/2024\/05\/line_dotted_1.svg\" class=\"attachment-full size-full wp-image-420\" alt=\"\" \/>\t\t\t\t\t\t\t\t\t\t\t\t\t\t\t<\/div>\n\t\t\t\t<\/div>\n\t\t\t\t<div class=\"elementor-element elementor-element-ffd63bc elementor-widget elementor-widget-text-editor\" data-id=\"ffd63bc\" data-element_type=\"widget\" data-widget_type=\"text-editor.default\">\n\t\t\t\t<div class=\"elementor-widget-container\">\n\t\t\t\t\t\t\t\t\t<h4 class=\"box-title text-ani\">Royal Group<\/h4>\t\t\t\t\t\t\t\t<\/div>\n\t\t\t\t<\/div>\n\t\t\t\t<\/div>\n\t\t\t\t<\/div>\n\t\t\t\t\t<\/div>\n\t\t\t\t<\/div>\n\t\t\t\t<\/div>\n\t\t<div class=\"elementor-element elementor-element-bd5d9b5 e-flex e-con-boxed e-con e-parent\" data-id=\"bd5d9b5\" data-element_type=\"container\" data-settings=\"{&quot;background_background&quot;:&quot;classic&quot;}\">\n\t\t\t\t\t<div class=\"e-con-inner\">\n\t\t<div class=\"elementor-element elementor-element-880c243 e-con-full e-flex e-con e-child\" data-id=\"880c243\" data-element_type=\"container\">\n\t\t\t\t<div class=\"elementor-element elementor-element-9e9d5d5 elementor-widget elementor-widget-restarcounterup\" data-id=\"9e9d5d5\" data-element_type=\"widget\" data-widget_type=\"restarcounterup.default\">\n\t\t\t\t<div class=\"elementor-widget-container\">\n\t\t\t\t\t<div class=\"counter-card-wrap\"><div class=\"counter-card\"><div class=\"box-shadow\">500<\/div><h2 class=\"box-number num\"><span class=\"counter-number\">500<\/span><\/h2><p class=\"box-text desc\">Unsere Dally, Um<\/p><\/div><div class=\"counter-card\"><div class=\"box-shadow\">15<\/div><h2 class=\"box-number num\"><span class=\"counter-number\">15<\/span><\/h2><p class=\"box-text desc\">Spezialist Chefkoch<\/p><\/div><div class=\"counter-card\"><div class=\"box-shadow\">98<\/div><h2 class=\"box-number num\"><span class=\"counter-number\">98<\/span><\/h2><p class=\"box-text desc\">Unsere Men\u00fc - &amp; Dish<\/p><\/div><div class=\"counter-card\"><div class=\"box-shadow\">99<\/div><h2 class=\"box-number num\"><span class=\"counter-number\">99<\/span><\/h2><p class=\"box-text desc\">Unsere Mitglieder<\/p><\/div><\/div>\t\t\t\t<\/div>\n\t\t\t\t<\/div>\n\t\t\t\t<\/div>\n\t\t\t\t\t<\/div>\n\t\t\t\t<\/div>\n\t\t<div class=\"elementor-element elementor-element-398697c e-flex e-con-boxed e-con e-parent\" data-id=\"398697c\" data-element_type=\"container\">\n\t\t\t\t\t<div class=\"e-con-inner\">\n\t\t<div class=\"elementor-element elementor-element-49db3e4 e-con-full e-flex e-con e-child\" data-id=\"49db3e4\" data-element_type=\"container\">\n\t\t\t\t<div class=\"elementor-element elementor-element-a910555 elementor-widget elementor-widget-restarvideo\" data-id=\"a910555\" data-element_type=\"widget\" data-widget_type=\"restarvideo.default\">\n\t\t\t\t<div class=\"elementor-widget-container\">\n\t\t\t\t\t<div class=\"th-video video-box1 flipY\" data-pos-for=\"#story-sec\" data-sec-pos=\"bottom-half\"><img decoding=\"async\" src=\"https:\/\/badajoz.royaltandoori.eu\/wp-content\/uploads\/2024\/10\/video_1.jpg\" alt=\"video_1\" ><a href=\"https:\/\/www.youtube.com\/watch?v=IIH5X3szopo\" class=\"play-btn style2 popup-video\"><i class=\"fa-sharp fa-solid fa-play\"><\/i><\/a><\/div>\t\t\t\t<\/div>\n\t\t\t\t<\/div>\n\t\t\t\t<\/div>\n\t\t\t\t\t<\/div>\n\t\t\t\t<\/div>\n\t\t<div class=\"elementor-element elementor-element-3a6af5c e-flex e-con-boxed e-con e-parent\" data-id=\"3a6af5c\" data-element_type=\"container\" id=\"story-sec\" data-settings=\"{&quot;background_background&quot;:&quot;classic&quot;}\">\n\t\t\t\t\t<div class=\"e-con-inner\">\n\t\t\t\t<div class=\"elementor-element elementor-element-6f350d3 elementor-widget elementor-widget-restarimage\" data-id=\"6f350d3\" data-element_type=\"widget\" data-widget_type=\"restarimage.default\">\n\t\t\t\t<div class=\"elementor-widget-container\">\n\t\t\t\t\t<div class=\"img-box1\"><div class=\"shape1\"><img decoding=\"async\" src=\"https:\/\/badajoz.royaltandoori.eu\/wp-content\/uploads\/2024\/04\/royal-tandoori-logo.png\" alt=\"royal tandoori logo\" ><\/div><div class=\"shape2\"><img decoding=\"async\" src=\"https:\/\/badajoz.royaltandoori.eu\/wp-content\/uploads\/2024\/04\/royal-tandoori-logo.png\" alt=\"royal tandoori logo\" ><\/div><\/div>\t\t\t\t<\/div>\n\t\t\t\t<\/div>\n\t\t\t\t\t<\/div>\n\t\t\t\t<\/div>\n\t\t\t\t<\/div>","protected":false},"excerpt":{"rendered":"<p>OUR RESTAURANT SERVICES Our Commitment to Excellence Spice &amp; Savings Enjoy a special discount as you savor the authentic spices of our traditional Indian cuisine. Traditional Recipes Delight in classic Indian recipes, expertly prepared to bring you bold, vibrant flavors. Fresh Ingredients We source the freshest ingredients to create flavorful, high-quality dishes with every meal&#8230;.<\/p>","protected":false},"author":1,"featured_media":0,"parent":0,"menu_order":0,"comment_status":"closed","ping_status":"closed","template":"template-builder.php","meta":{"footnotes":""},"class_list":["post-52","page","type-page","status-publish","hentry"],"_links":{"self":[{"href":"https:\/\/badajoz.royaltandoori.eu\/de\/wp-json\/wp\/v2\/pages\/52","targetHints":{"allow":["GET"]}}],"collection":[{"href":"https:\/\/badajoz.royaltandoori.eu\/de\/wp-json\/wp\/v2\/pages"}],"about":[{"href":"https:\/\/badajoz.royaltandoori.eu\/de\/wp-json\/wp\/v2\/types\/page"}],"author":[{"embeddable":true,"href":"https:\/\/badajoz.royaltandoori.eu\/de\/wp-json\/wp\/v2\/users\/1"}],"replies":[{"embeddable":true,"href":"https:\/\/badajoz.royaltandoori.eu\/de\/wp-json\/wp\/v2\/comments?post=52"}],"version-history":[{"count":0,"href":"https:\/\/badajoz.royaltandoori.eu\/de\/wp-json\/wp\/v2\/pages\/52\/revisions"}],"wp:attachment":[{"href":"https:\/\/badajoz.royaltandoori.eu\/de\/wp-json\/wp\/v2\/media?parent=52"}],"curies":[{"name":"wp","href":"https:\/\/api.w.org\/{rel}","templated":true}]}}