{"id":60,"date":"2024-04-28T04:55:37","date_gmt":"2024-04-28T04:55:37","guid":{"rendered":"https:\/\/wordpress.themeholy.com\/restar\/?page_id=60"},"modified":"2024-10-10T00:40:24","modified_gmt":"2024-10-10T00:40:24","slug":"reservation","status":"publish","type":"page","link":"https:\/\/badajoz.royaltandoori.eu\/de\/reservation\/","title":{"rendered":"Reservierung"},"content":{"rendered":"<div data-elementor-type=\"wp-page\" data-elementor-id=\"60\" class=\"elementor elementor-60\">\n\t\t\t\t<div class=\"elementor-element elementor-element-0fca551 e-flex e-con-boxed e-con e-parent\" data-id=\"0fca551\" data-element_type=\"container\">\n\t\t\t\t\t<div class=\"e-con-inner\">\n\t\t\r\n\t\t<div class=\"elementor-element elementor-element-6faa9d2 elementor-widget elementor-widget-restarsectiontitle\" data-id=\"6faa9d2\" data-element_type=\"widget\" data-widget_type=\"restarsectiontitle.default\">\n\t\t\t\t<div class=\"elementor-widget-container\">\n\t\t\t\t\t\t\t<div class=\"title-area text-center\">\r\n\t\t\t<span class=\"sub-title3\"><img decoding=\"async\" src=\"https:\/\/wordpress.themeholy.com\/restar\/wp-content\/uploads\/2024\/05\/title_icon2.svg\" alt=\"title_icon2\" >RESERVIERUNG<\/span><h2 class=\"sec-title\">Machen Sie Eine Reservierung<\/h2>\t\t<\/div>\r\n\r\n\t\t\t\t\t<\/div>\n\t\t\t\t<\/div>\n\t\t\t\t<div class=\"elementor-element elementor-element-8df93e0 elementor-widget elementor-widget-image\" data-id=\"8df93e0\" data-element_type=\"widget\" data-widget_type=\"image.default\">\n\t\t\t\t<div class=\"elementor-widget-container\">\n\t\t\t\t\t\t\t\t\t\t\t\t\t\t\t<img decoding=\"async\" width=\"178\" height=\"8\" src=\"https:\/\/badajoz.royaltandoori.eu\/wp-content\/uploads\/2024\/05\/line_1.svg\" class=\"attachment-full size-full wp-image-614\" alt=\"\" \/>\t\t\t\t\t\t\t\t\t\t\t\t\t\t\t<\/div>\n\t\t\t\t<\/div>\n\t\t<div class=\"elementor-element elementor-element-a9ca7bd e-con-full e-flex e-con e-child\" data-id=\"a9ca7bd\" data-element_type=\"container\" data-settings=\"{&quot;background_background&quot;:&quot;classic&quot;}\">\n\t\t<div class=\"elementor-element elementor-element-375ce35 e-con-full e-flex e-con e-child\" data-id=\"375ce35\" data-element_type=\"container\">\n\t\t\t\t<div class=\"elementor-element elementor-element-ebd0ef4 elementor-widget elementor-widget-restarcontactform\" data-id=\"ebd0ef4\" data-element_type=\"widget\" data-widget_type=\"restarcontactform.default\">\n\t\t\t\t<div class=\"elementor-widget-container\">\n\t\t\t\t\t<div class=\"th-form-area\">\n<div class=\"wpcf7 no-js\" id=\"wpcf7-f2021-o1\" lang=\"en-US\" dir=\"ltr\" data-wpcf7-id=\"2021\">\n<div class=\"screen-reader-response\"><p role=\"status\" aria-live=\"polite\" aria-atomic=\"true\"><\/p> <ul><\/ul><\/div>\n<form action=\"\/de\/wp-json\/wp\/v2\/pages\/60#wpcf7-f2021-o1\" method=\"post\" class=\"wpcf7-form init\" aria-label=\"Contact form\" novalidate=\"novalidate\" data-status=\"init\" data-trp-original-action=\"\/de\/wp-json\/wp\/v2\/pages\/60#wpcf7-f2021-o1\">\n<fieldset class=\"hidden-fields-container\"><input type=\"hidden\" name=\"_wpcf7\" value=\"2021\" \/><input type=\"hidden\" name=\"_wpcf7_version\" value=\"6.1.2\" \/><input type=\"hidden\" name=\"_wpcf7_locale\" value=\"en_US\" \/><input type=\"hidden\" name=\"_wpcf7_unit_tag\" value=\"wpcf7-f2021-o1\" \/><input type=\"hidden\" name=\"_wpcf7_container_post\" value=\"0\" \/><input type=\"hidden\" name=\"_wpcf7_posted_data_hash\" value=\"\" \/>\n<\/fieldset>\n<div class=\"reservation-form3\">\n    <h3 class=\"form-title\">Buchen Sie Einen Tisch<\/h3>\n    <div class=\"row\">\n        <!-- Full Name -->\n        <div class=\"form-group col-12\">\n            <span class=\"wpcf7-form-control-wrap\" data-name=\"your-name\"><input size=\"40\" maxlength=\"400\" class=\"wpcf7-form-control wpcf7-text wpcf7-validates-as-required form-control\" aria-required=\"true\" aria-invalid=\"false\" placeholder=\"Voller Name\" value=\"\" type=\"text\" name=\"your-name\" \/><\/span>\n            <i class=\"fal fa-user\"><\/i>\n        <\/div>\n        <!-- Phone Number -->\n        <div class=\"form-group col-12\">\n            <span class=\"wpcf7-form-control-wrap\" data-name=\"phone-number\"><input size=\"40\" maxlength=\"400\" class=\"wpcf7-form-control wpcf7-tel wpcf7-validates-as-required wpcf7-text wpcf7-validates-as-tel form-control\" aria-required=\"true\" aria-invalid=\"false\" placeholder=\"Telefonnummer\" value=\"\" type=\"tel\" name=\"phone-number\" \/><\/span>\n            <i class=\"fal fa-phone\"><\/i>\n        <\/div>\n        <!-- Email Address -->\n        <div class=\"form-group col-12\">\n            <span class=\"wpcf7-form-control-wrap\" data-name=\"your-email\"><input size=\"40\" maxlength=\"400\" class=\"wpcf7-form-control wpcf7-email wpcf7-validates-as-required wpcf7-text wpcf7-validates-as-email form-control\" aria-required=\"true\" aria-invalid=\"false\" placeholder=\"Ihre E-Mail\" value=\"\" type=\"email\" name=\"your-email\" \/><\/span>\n            <i class=\"fal fa-envelope\"><\/i>\n        <\/div>\n        <!-- Date & Time -->\n        <div class=\"form-group col-12\">\n            <span class=\"wpcf7-form-control-wrap\" data-name=\"date-time\"><input size=\"40\" maxlength=\"400\" class=\"wpcf7-form-control wpcf7-text wpcf7-validates-as-required form-control date-time-pick\" aria-required=\"true\" aria-invalid=\"false\" placeholder=\"Datum &amp; Zeit\" value=\"\" type=\"text\" name=\"date-time\" \/><\/span>\n            <i class=\"fal fa-calendar-alt\"><\/i>\n        <\/div>\n        <!-- Total Person -->\n        <div class=\"form-group col-12\">\n            <span class=\"wpcf7-form-control-wrap\" data-name=\"people\"><input size=\"40\" maxlength=\"400\" class=\"wpcf7-form-control wpcf7-text wpcf7-validates-as-required form-control\" aria-required=\"true\" aria-invalid=\"false\" placeholder=\"Gesamt Person\" value=\"\" type=\"text\" name=\"people\" \/><\/span>\n            <i class=\"fal fa-user-group\"><\/i>\n        <\/div>\n        <!-- Special Request -->\n        <div class=\"form-group col-12\">\n            <span class=\"wpcf7-form-control-wrap\" data-name=\"special-request\"><textarea cols=\"40\" rows=\"10\" maxlength=\"2000\" class=\"wpcf7-form-control wpcf7-textarea wpcf7-validates-as-required form-control\" aria-required=\"true\" aria-invalid=\"false\" placeholder=\"Spezielle Anfrage\" name=\"special-request\"><\/textarea><\/span>\n            <i class=\"fal fa-pencil\"><\/i>\n        <\/div>\n    <\/div>\n    <!-- Submit Button -->\n    <input class=\"wpcf7-form-control wpcf7-submit has-spinner th-btn\" type=\"submit\" value=\"Reservierung Jetzt\" \/>\n<\/div><div class=\"wpcf7-response-output\" aria-hidden=\"true\"><\/div>\n<input type=\"hidden\" name=\"trp-form-language\" value=\"de\"\/><\/form>\n<\/div>\n<\/div>\t\t\t\t<\/div>\n\t\t\t\t<\/div>\n\t\t\t\t<\/div>\n\t\t\t\t<\/div>\n\t\t\t\t\t<\/div>\n\t\t\t\t<\/div>\n\t\t<div class=\"elementor-element elementor-element-2399b82 elementor-hidden-desktop elementor-hidden-tablet elementor-hidden-mobile e-flex e-con-boxed e-con e-parent\" data-id=\"2399b82\" data-element_type=\"container\">\n\t\t\t\t\t<div class=\"e-con-inner\">\n\t\t<div class=\"elementor-element elementor-element-96e2d0f e-con-full e-flex e-con e-child\" data-id=\"96e2d0f\" data-element_type=\"container\">\n\t\t\t\t<div class=\"elementor-element elementor-element-104f0f4 elementor-widget elementor-widget-restartestimonialslider\" data-id=\"104f0f4\" data-element_type=\"widget\" data-widget_type=\"restartestimonialslider.default\">\n\t\t\t\t<div class=\"elementor-widget-container\">\n\t\t\t\t\t<div class=\"slider-area testi-grid-area\"><div class=\"swiper th-slider thumb-slider2 slider-tab\" id=\"thumb-slider2\" data-slider-options='{\"loop\":true,\"centeredSlides\":true,\"slideToClickedSlide\":true,\"watchSlidesVisibility\":true,\"watchSlidesProgress\":true,\"centeredSlidesBounds\":true,\"slidesPerView\":3,\"breakpoints\":{\"0\":{\"spaceBetween\":30},\"992\":{\"spaceBetween\":80}}}'><div class=\"swiper-wrapper\"><div class=\"swiper-slide\"><div class=\"tab-btn\"><img decoding=\"async\" src=\"https:\/\/wordpress.themeholy.com\/restar\/wp-content\/uploads\/2024\/05\/testi_3_1.jpg\" alt=\"testi_3_1\" ><span class=\"box-quote\"><\/span><\/div><\/div><div class=\"swiper-slide\"><div class=\"tab-btn\"><img decoding=\"async\" src=\"https:\/\/wordpress.themeholy.com\/restar\/wp-content\/uploads\/2024\/05\/testi_3_2.jpg\" alt=\"testi_3_2\" ><span class=\"box-quote\"><\/span><\/div><\/div><div class=\"swiper-slide\"><div class=\"tab-btn\"><img decoding=\"async\" src=\"https:\/\/wordpress.themeholy.com\/restar\/wp-content\/uploads\/2024\/05\/testi_3_3.jpg\" alt=\"testi_3_3\" ><span class=\"box-quote\"><\/span><\/div><\/div><div class=\"swiper-slide\"><div class=\"tab-btn\"><img decoding=\"async\" src=\"https:\/\/wordpress.themeholy.com\/restar\/wp-content\/uploads\/2024\/05\/testi_3_4.jpg\" alt=\"testi_3_4\" ><span class=\"box-quote\"><\/span><\/div><\/div><div class=\"swiper-slide\"><div class=\"tab-btn\"><img decoding=\"async\" src=\"https:\/\/wordpress.themeholy.com\/restar\/wp-content\/uploads\/2024\/05\/testi_3_5.jpg\" alt=\"testi_3_5\" ><span class=\"box-quote\"><\/span><\/div><\/div><div class=\"swiper-slide\"><div class=\"tab-btn\"><img decoding=\"async\" src=\"https:\/\/wordpress.themeholy.com\/restar\/wp-content\/uploads\/2024\/05\/testi_3_6.jpg\" alt=\"testi_3_6\" ><span class=\"box-quote\"><\/span><\/div><\/div><\/div><\/div><div class=\"swiper th-slider testi-grid-slider tab-view\" id=\"testiSlider3\" data-slider-options='{\"thumbs\":{\"swiper\":\".thumb-slider2\"}}'><div class=\"swiper-wrapper\"><div class=\"swiper-slide\"><div class=\"testi-grid\"><p class=\"box-text text\">Aus knusprig und golden Pommes Frites zu k\u00f6stlichen Burger und wraps, unsere Speisekarte bietet eine Vielzahl von fast-food-Favoriten. Jedes Einzelteil wird in Handarbeit mit hochwertigen Zutaten, zu gew\u00e4hrleisten eine leckere Erfahrung mit jeder Bestellung. Genie\u00dfen Ihre schnelle Mahlzeit in einer ungezwungenen und freundlichen Ambiente. unsere freundliche Atmosph\u00e4re macht jeden Besuch angenehm macht.<\/p><h3 class=\"box-title\">Alex Fernandes<\/h3><p class=\"box-desig\">Master Chef<\/p><\/div><\/div><div class=\"swiper-slide\"><div class=\"testi-grid\"><p class=\"box-text text\">Aus knusprig und golden Pommes Frites zu k\u00f6stlichen Burger und wraps, unsere Speisekarte bietet eine Vielzahl von fast-food-Favoriten. Jedes Einzelteil wird in Handarbeit mit hochwertigen Zutaten, zu gew\u00e4hrleisten eine leckere Erfahrung mit jeder Bestellung. Genie\u00dfen Ihre schnelle Mahlzeit in einer ungezwungenen und freundlichen Ambiente. unsere freundliche Atmosph\u00e4re macht jeden Besuch angenehm macht.<\/p><h3 class=\"box-title\">Jasemin Jui<\/h3><p class=\"box-desig\">Kunde<\/p><\/div><\/div><div class=\"swiper-slide\"><div class=\"testi-grid\"><p class=\"box-text text\">Aus knusprig und golden Pommes Frites zu k\u00f6stlichen Burger und wraps, unsere Speisekarte bietet eine Vielzahl von fast-food-Favoriten. Jedes Einzelteil wird in Handarbeit mit hochwertigen Zutaten, zu gew\u00e4hrleisten eine leckere Erfahrung mit jeder Bestellung. Genie\u00dfen Ihre schnelle Mahlzeit in einer ungezwungenen und freundlichen Ambiente. unsere freundliche Atmosph\u00e4re macht jeden Besuch angenehm macht.<\/p><h3 class=\"box-title\">Martin Danial<\/h3><p class=\"box-desig\">Director<\/p><\/div><\/div><div class=\"swiper-slide\"><div class=\"testi-grid\"><p class=\"box-text text\">Aus knusprig und golden Pommes Frites zu k\u00f6stlichen Burger und wraps, unsere Speisekarte bietet eine Vielzahl von fast-food-Favoriten. Jedes Einzelteil wird in Handarbeit mit hochwertigen Zutaten, zu gew\u00e4hrleisten eine leckere Erfahrung mit jeder Bestellung. Genie\u00dfen Ihre schnelle Mahlzeit in einer ungezwungenen und freundlichen Ambiente. unsere freundliche Atmosph\u00e4re macht jeden Besuch angenehm macht.<\/p><h3 class=\"box-title\">John Fernandes<\/h3><p class=\"box-desig\">Lebensmittel-Spezialist<\/p><\/div><\/div><div class=\"swiper-slide\"><div class=\"testi-grid\"><p class=\"box-text text\">Aus knusprig und golden Pommes Frites zu k\u00f6stlichen Burger und wraps, unsere Speisekarte bietet eine Vielzahl von fast-food-Favoriten. Jedes Einzelteil wird in Handarbeit mit hochwertigen Zutaten, zu gew\u00e4hrleisten eine leckere Erfahrung mit jeder Bestellung. Genie\u00dfen Ihre schnelle Mahlzeit in einer ungezwungenen und freundlichen Ambiente. unsere freundliche Atmosph\u00e4re macht jeden Besuch angenehm macht.<\/p><h3 class=\"box-title\">Termain Justin<\/h3><p class=\"box-desig\">Director<\/p><\/div><\/div><div class=\"swiper-slide\"><div class=\"testi-grid\"><p class=\"box-text text\">Aus knusprig und golden Pommes Frites zu k\u00f6stlichen Burger und wraps, unsere Speisekarte bietet eine Vielzahl von fast-food-Favoriten. Jedes Einzelteil wird in Handarbeit mit hochwertigen Zutaten, zu gew\u00e4hrleisten eine leckere Erfahrung mit jeder Bestellung. Genie\u00dfen Ihre schnelle Mahlzeit in einer ungezwungenen und freundlichen Ambiente. unsere freundliche Atmosph\u00e4re macht jeden Besuch angenehm macht.<\/p><h3 class=\"box-title\">Rohan Ramdan<\/h3><p class=\"box-desig\">Lebensmittel-Spezialist<\/p><\/div><\/div><\/div><\/div><button data-slider-prev=\"#testiSlider3, #thumb-slider2\" class=\"slider-arrow slider-prev\"><span class=\"icon\"><\/span><\/button><button data-slider-next=\"#testiSlider3, #thumb-slider2\" class=\"slider-arrow slider-next\"><span class=\"icon\"><\/span><\/button><\/div>\t\t\t\t<\/div>\n\t\t\t\t<\/div>\n\t\t\t\t<\/div>\n\t\t\t\t\t<\/div>\n\t\t\t\t<\/div>\n\t\t<div class=\"elementor-element elementor-element-5cd19ee e-flex e-con-boxed e-con e-parent\" data-id=\"5cd19ee\" data-element_type=\"container\">\n\t\t\t\t\t<div class=\"e-con-inner\">\n\t\t\t\t<div class=\"elementor-element elementor-element-3559b88 elementor-widget elementor-widget-spacer\" data-id=\"3559b88\" data-element_type=\"widget\" data-widget_type=\"spacer.default\">\n\t\t\t\t<div class=\"elementor-widget-container\">\n\t\t\t\t\t\t\t<div class=\"elementor-spacer\">\n\t\t\t<div class=\"elementor-spacer-inner\"><\/div>\n\t\t<\/div>\n\t\t\t\t\t\t<\/div>\n\t\t\t\t<\/div>\n\t\t\t\t\t<\/div>\n\t\t\t\t<\/div>\n\t\t\t\t<\/div>","protected":false},"excerpt":{"rendered":"<p>RESERVATION Make A Reservation Book A Table From crispy and golden fries to mouthwatering burgers and wraps, our menu offers a variety of fast-food favorites. Each item is crafted with quality ingredients to ensure a tasty experience with every order. Enjoy your quick meal in a casual and friendly setting. our welcoming atmosphere makes every&#8230;<\/p>","protected":false},"author":1,"featured_media":0,"parent":0,"menu_order":0,"comment_status":"closed","ping_status":"closed","template":"template-builder.php","meta":{"footnotes":""},"class_list":["post-60","page","type-page","status-publish","hentry"],"_links":{"self":[{"href":"https:\/\/badajoz.royaltandoori.eu\/de\/wp-json\/wp\/v2\/pages\/60","targetHints":{"allow":["GET"]}}],"collection":[{"href":"https:\/\/badajoz.royaltandoori.eu\/de\/wp-json\/wp\/v2\/pages"}],"about":[{"href":"https:\/\/badajoz.royaltandoori.eu\/de\/wp-json\/wp\/v2\/types\/page"}],"author":[{"embeddable":true,"href":"https:\/\/badajoz.royaltandoori.eu\/de\/wp-json\/wp\/v2\/users\/1"}],"replies":[{"embeddable":true,"href":"https:\/\/badajoz.royaltandoori.eu\/de\/wp-json\/wp\/v2\/comments?post=60"}],"version-history":[{"count":0,"href":"https:\/\/badajoz.royaltandoori.eu\/de\/wp-json\/wp\/v2\/pages\/60\/revisions"}],"wp:attachment":[{"href":"https:\/\/badajoz.royaltandoori.eu\/de\/wp-json\/wp\/v2\/media?parent=60"}],"curies":[{"name":"wp","href":"https:\/\/api.w.org\/{rel}","templated":true}]}}