{"id":69,"date":"2024-04-28T04:57:35","date_gmt":"2024-04-28T04:57:35","guid":{"rendered":"https:\/\/wordpress.themeholy.com\/restar\/?page_id=69"},"modified":"2025-05-13T10:05:38","modified_gmt":"2025-05-13T10:05:38","slug":"contact","status":"publish","type":"page","link":"https:\/\/badajoz.royaltandoori.eu\/de\/contact\/","title":{"rendered":"Kontakt"},"content":{"rendered":"<div data-elementor-type=\"wp-page\" data-elementor-id=\"69\" class=\"elementor elementor-69\">\n\t\t\t\t<div class=\"elementor-element elementor-element-ad0dd73 e-con-full e-flex e-con e-parent\" data-id=\"ad0dd73\" data-element_type=\"container\">\n\t\t<div class=\"elementor-element elementor-element-2549723 e-flex e-con-boxed e-con e-child\" data-id=\"2549723\" data-element_type=\"container\">\n\t\t\t\t\t<div class=\"e-con-inner\">\n\t\t<div class=\"elementor-element elementor-element-f2f84cf e-con-full e-flex e-con e-child\" data-id=\"f2f84cf\" data-element_type=\"container\">\n\t\t<div class=\"elementor-element elementor-element-6abeaf2 e-con-full contact-feature-area e-flex e-con e-child\" data-id=\"6abeaf2\" data-element_type=\"container\" data-settings=\"{&quot;background_background&quot;:&quot;classic&quot;}\">\n\t\t\r\n\t\t<div class=\"elementor-element elementor-element-2e2720e elementor-widget elementor-widget-restarsectiontitle\" data-id=\"2e2720e\" data-element_type=\"widget\" data-widget_type=\"restarsectiontitle.default\">\n\t\t\t\t<div class=\"elementor-widget-container\">\n\t\t\t\t\t\t\t<div class=\"title-area   mb-32\">\r\n\t\t\t<h2 class=\"sec-title\">Kontakt Informationen<\/h2><div class=\"text-ani\"><p class=\"sec-text\">Treten Sie ein in eine warme und einladende Atmosph\u00e4re, die eine wunderbare Erg\u00e4nzung f\u00fcr Ihr Kulinarisches Erlebnis. Unsere sorgf\u00e4ltig kuratierte Dekor schafft die perfekte Kulisse f\u00fcr gem\u00fctliche Abendessen und unvergessliche Feiern, sicherzustellen, jeder moment ist etwas besonderes.<\/p><\/div>\t\t<\/div>\r\n\r\n\t\t\t\t\t<\/div>\n\t\t\t\t<\/div>\n\t\t\t\t<div class=\"elementor-element elementor-element-d704811 elementor-widget elementor-widget-restarcontactinfo\" data-id=\"d704811\" data-element_type=\"widget\" data-widget_type=\"restarcontactinfo.default\">\n\t\t\t\t<div class=\"elementor-widget-container\">\n\t\t\t\t\t<div class=\"contact-feature-wrap\"><div class=\"contact-feature\"><div class=\"box-icon\">\r\n\t\t\t\t\t\t<i class=\"fal fa-location-dot\"><\/i>\r\n\t\t\t\t\t<\/div><div class=\"media-body\"><h3 class=\"box-title text-ani\">Lage<\/h3><p class=\"box-text text-ani\">C. Enrique Segura Ota\u00f1o, 17, 06004 Badajoz<\/p><\/div><\/div><div class=\"contact-feature\"><div class=\"box-icon\">\r\n\t\t\t\t\t\t<i class=\"fal fa-envelope\"><\/i>\r\n\t\t\t\t\t<\/div><div class=\"media-body\"><h3 class=\"box-title text-ani\">E-Mail-Adresse<\/h3><p class=\"box-text text-ani\"><a href=\"mailto:mail@royaltandoori.eu\">mail@royaltandoori.eu<\/a><\/p><\/div><\/div><div class=\"contact-feature\"><div class=\"box-icon\">\r\n\t\t\t\t\t\t<i class=\"fal fa-phone\"><\/i>\r\n\t\t\t\t\t<\/div><div class=\"media-body\"><h3 class=\"box-title text-ani\">Telefonnummer<\/h3><p class=\"box-text text-ani\"><a href=\"tel:+34 671 51 78 15\">+34 671 51 78 15<\/a><\/p><\/div><\/div><\/div>\t\t\t\t<\/div>\n\t\t\t\t<\/div>\n\t\t\t\t<div class=\"elementor-element elementor-element-83fb056 elementor-hidden-desktop elementor-hidden-tablet elementor-hidden-mobile elementor-widget elementor-widget-restarsocial\" data-id=\"83fb056\" data-element_type=\"widget\" data-widget_type=\"restarsocial.default\">\n\t\t\t\t<div class=\"elementor-widget-container\">\n\t\t\t\t\t<div class=\"th-social\"><a  rel=\"nofollow\" href=\"https:\/\/www.facebook.com\/p\/Royal-Tandoori-Indian-Restaurant-Palencia-100092719480242\/\"><i aria-hidden=\"true\" class=\"fab fa-facebook-f\"><\/i><\/a> <a  rel=\"nofollow\" href=\"https:\/\/wa.me\/34603730282\"><svg aria-hidden=\"true\" class=\"e-font-icon-svg e-fab-whatsapp\" viewbox=\"0 0 448 512\" xmlns=\"http:\/\/www.w3.org\/2000\/svg\"><path d=\"M380.9 97.1C339 55.1 283.2 32 223.9 32c-122.4 0-222 99.6-222 222 0 39.1 10.2 77.3 29.6 111L0 480l117.7-30.9c32.4 17.7 68.9 27 106.1 27h.1c122.3 0 224.1-99.6 224.1-222 0-59.3-25.2-115-67.1-157zm-157 341.6c-33.2 0-65.7-8.9-94-25.7l-6.7-4-69.8 18.3L72 359.2l-4.4-7c-18.5-29.4-28.2-63.3-28.2-98.2 0-101.7 82.8-184.5 184.6-184.5 49.3 0 95.6 19.2 130.4 54.1 34.8 34.9 56.2 81.2 56.1 130.5 0 101.8-84.9 184.6-186.6 184.6zm101.2-138.2c-5.5-2.8-32.8-16.2-37.9-18-5.1-1.9-8.8-2.8-12.5 2.8-3.7 5.6-14.3 18-17.6 21.8-3.2 3.7-6.5 4.2-12 1.4-32.6-16.3-54-29.1-75.5-66-5.7-9.8 5.7-9.1 16.3-30.3 1.8-3.7.9-6.9-.5-9.7-1.4-2.8-12.5-30.1-17.1-41.2-4.5-10.8-9.1-9.3-12.5-9.5-3.2-.2-6.9-.2-10.6-.2-3.7 0-9.7 1.4-14.8 6.9-5.1 5.6-19.4 19-19.4 46.3 0 27.3 19.9 53.7 22.6 57.4 2.8 3.7 39.1 59.7 94.8 83.8 35.2 15.2 49 16.5 66.6 13.9 10.7-1.6 32.8-13.4 37.4-26.4 4.6-13 4.6-24.1 3.2-26.4-1.3-2.5-5-3.9-10.5-6.6z\"><\/path><\/svg><\/a> <a  rel=\"nofollow\" href=\"tel:+34603730282\"><svg aria-hidden=\"true\" class=\"e-font-icon-svg e-fas-phone-alt\" viewbox=\"0 0 512 512\" xmlns=\"http:\/\/www.w3.org\/2000\/svg\"><path d=\"M497.39 361.8l-112-48a24 24 0 0 0-28 6.9l-49.6 60.6A370.66 370.66 0 0 1 130.6 204.11l60.6-49.6a23.94 23.94 0 0 0 6.9-28l-48-112A24.16 24.16 0 0 0 122.6.61l-104 24A24 24 0 0 0 0 48c0 256.5 207.9 464 464 464a24 24 0 0 0 23.4-18.6l24-104a24.29 24.29 0 0 0-14.01-27.6z\"><\/path><\/svg><\/a> <\/div>\t\t\t\t<\/div>\n\t\t\t\t<\/div>\n\t\t\t\t<\/div>\n\t\t<div class=\"elementor-element elementor-element-95465a8 e-con-full e-flex e-con e-child\" data-id=\"95465a8\" data-element_type=\"container\">\n\t\t\t\t<div class=\"elementor-element elementor-element-21e3716 elementor-widget elementor-widget-restarcontactform\" data-id=\"21e3716\" data-element_type=\"widget\" data-widget_type=\"restarcontactform.default\">\n\t\t\t\t<div class=\"elementor-widget-container\">\n\t\t\t\t\t<div class=\"th-form-area\">\n<div class=\"wpcf7 no-js\" id=\"wpcf7-f2100-o1\" lang=\"en-US\" dir=\"ltr\" data-wpcf7-id=\"2100\">\n<div class=\"screen-reader-response\"><p role=\"status\" aria-live=\"polite\" aria-atomic=\"true\"><\/p> <ul><\/ul><\/div>\n<form action=\"\/de\/wp-json\/wp\/v2\/pages\/69#wpcf7-f2100-o1\" method=\"post\" class=\"wpcf7-form init\" aria-label=\"Contact form\" novalidate=\"novalidate\" data-status=\"init\" data-trp-original-action=\"\/de\/wp-json\/wp\/v2\/pages\/69#wpcf7-f2100-o1\">\n<fieldset class=\"hidden-fields-container\"><input type=\"hidden\" name=\"_wpcf7\" value=\"2100\" \/><input type=\"hidden\" name=\"_wpcf7_version\" value=\"6.1.2\" \/><input type=\"hidden\" name=\"_wpcf7_locale\" value=\"en_US\" \/><input type=\"hidden\" name=\"_wpcf7_unit_tag\" value=\"wpcf7-f2100-o1\" \/><input type=\"hidden\" name=\"_wpcf7_container_post\" value=\"0\" \/><input type=\"hidden\" name=\"_wpcf7_posted_data_hash\" value=\"\" \/>\n<\/fieldset>\n<div class=\"contact-form\">\n    <h2 class=\"sec-title title-ani2\">Get In Touch<\/h2>\n    <div class=\"row\">\n        <div class=\"form-group col-sm-6\">\n            <span class=\"wpcf7-form-control-wrap\" data-name=\"your-name\"><input size=\"40\" maxlength=\"400\" class=\"wpcf7-form-control wpcf7-text wpcf7-validates-as-required form-control\" aria-required=\"true\" aria-invalid=\"false\" placeholder=\"Voller Name\" value=\"\" type=\"text\" name=\"your-name\" \/><\/span>\n            <i class=\"fal fa-user\"><\/i>\n        <\/div>\n        <div class=\"form-group col-sm-6\">\n            <span class=\"wpcf7-form-control-wrap\" data-name=\"your-email\"><input size=\"40\" maxlength=\"400\" class=\"wpcf7-form-control wpcf7-email wpcf7-validates-as-required wpcf7-text wpcf7-validates-as-email form-control\" aria-required=\"true\" aria-invalid=\"false\" placeholder=\"E-Mail-Adresse\" value=\"\" type=\"email\" name=\"your-email\" \/><\/span>\n            <i class=\"fal fa-envelope\"><\/i>\n        <\/div>\n        <div class=\"form-group col-12\">\n            <span class=\"wpcf7-form-control-wrap\" data-name=\"phone-number\"><input size=\"40\" maxlength=\"400\" class=\"wpcf7-form-control wpcf7-tel wpcf7-validates-as-required wpcf7-text wpcf7-validates-as-tel form-control\" aria-required=\"true\" aria-invalid=\"false\" placeholder=\"Telefonnummer\" value=\"\" type=\"tel\" name=\"phone-number\" \/><\/span>\n            <i class=\"fal fa-phone\"><\/i>\n        <\/div>\n        <div class=\"form-group col-12\">\n            <span class=\"wpcf7-form-control-wrap\" data-name=\"subject\"><select class=\"wpcf7-form-control wpcf7-select form-select\" aria-invalid=\"false\" name=\"subject\"><option value=\"Select Subject\">W\u00e4hlen Sie Betreff<\/option><option value=\"General Query\">Allgemeine Anfragen<\/option><option value=\"Help Support\">Hilfe Unterst\u00fctzung<\/option><option value=\"Sales Support\">Sales Support<\/option><\/select><\/span>\n            <i class=\"fal fa-chevron-down\"><\/i>\n        <\/div>\n        <div class=\"form-group col-12\">\n            <span class=\"wpcf7-form-control-wrap\" data-name=\"message\"><textarea cols=\"40\" rows=\"10\" maxlength=\"2000\" class=\"wpcf7-form-control wpcf7-textarea wpcf7-validates-as-required form-control\" aria-required=\"true\" aria-invalid=\"false\" placeholder=\"Geben Sie Termin-Hinweis....\" name=\"message\"><\/textarea><\/span>\n            <i class=\"fal fa-pencil\"><\/i>\n        <\/div>\n    <\/div>\n    <button class=\"th-btn w-100\" type=\"submit\">Nachricht Senden Jetzt<\/button>\n<\/div><div class=\"wpcf7-response-output\" aria-hidden=\"true\"><\/div>\n<input type=\"hidden\" name=\"trp-form-language\" value=\"de\"\/><\/form>\n<\/div>\n<\/div>\t\t\t\t<\/div>\n\t\t\t\t<\/div>\n\t\t\t\t<\/div>\n\t\t\t\t<\/div>\n\t\t\t\t\t<\/div>\n\t\t\t\t<\/div>\n\t\t\t\t<\/div>\n\t\t<div class=\"elementor-element elementor-element-d3262be e-con-full e-flex e-con e-parent\" data-id=\"d3262be\" data-element_type=\"container\">\n\t\t\t\t<div class=\"elementor-element elementor-element-2fd95c2 contact-map elementor-widget elementor-widget-google_maps\" data-id=\"2fd95c2\" data-element_type=\"widget\" data-widget_type=\"google_maps.default\">\n\t\t\t\t<div class=\"elementor-widget-container\">\n\t\t\t\t\t\t\t<div class=\"elementor-custom-embed\">\n\t\t\t<iframe loading=\"lazy\"\n\t\t\t\t\tsrc=\"https:\/\/maps.google.com\/maps?q=Tandoori%20Mahal%20Indian%20Restaurant%20Badajoz&#038;t=m&#038;z=10&#038;output=embed&#038;iwloc=near\"\n\t\t\t\t\ttitle=\"Tandoori Mahal Indian Restaurant Badajoz\"\n\t\t\t\t\taria-label=\"Tandoori Mahal Indian Restaurant Badajoz\"\n\t\t\t><\/iframe>\n\t\t<\/div>\n\t\t\t\t\t\t<\/div>\n\t\t\t\t<\/div>\n\t\t\t\t<\/div>\n\t\t\t\t<\/div>","protected":false},"excerpt":{"rendered":"<p>Contact Information Step into a warm and welcoming atmosphere that beautifully complements your dining experience. Our thoughtfully curated decor creates the perfect backdrop for intimate dinners and memorable celebrations, ensuring every moment is special. Location C. Enrique Segura Ota\u00f1o, 17, 06004 Badajoz Email Address mail@royaltandoori.eu Phone Number +34 671 51 78 15 Get In Touch&#8230;<\/p>","protected":false},"author":1,"featured_media":0,"parent":0,"menu_order":0,"comment_status":"closed","ping_status":"closed","template":"template-builder.php","meta":{"footnotes":""},"class_list":["post-69","page","type-page","status-publish","hentry"],"_links":{"self":[{"href":"https:\/\/badajoz.royaltandoori.eu\/de\/wp-json\/wp\/v2\/pages\/69","targetHints":{"allow":["GET"]}}],"collection":[{"href":"https:\/\/badajoz.royaltandoori.eu\/de\/wp-json\/wp\/v2\/pages"}],"about":[{"href":"https:\/\/badajoz.royaltandoori.eu\/de\/wp-json\/wp\/v2\/types\/page"}],"author":[{"embeddable":true,"href":"https:\/\/badajoz.royaltandoori.eu\/de\/wp-json\/wp\/v2\/users\/1"}],"replies":[{"embeddable":true,"href":"https:\/\/badajoz.royaltandoori.eu\/de\/wp-json\/wp\/v2\/comments?post=69"}],"version-history":[{"count":0,"href":"https:\/\/badajoz.royaltandoori.eu\/de\/wp-json\/wp\/v2\/pages\/69\/revisions"}],"wp:attachment":[{"href":"https:\/\/badajoz.royaltandoori.eu\/de\/wp-json\/wp\/v2\/media?parent=69"}],"curies":[{"name":"wp","href":"https:\/\/api.w.org\/{rel}","templated":true}]}}