{"id":52,"date":"2024-04-28T04:50:35","date_gmt":"2024-04-28T04:50:35","guid":{"rendered":"https:\/\/wordpress.themeholy.com\/restar\/?page_id=52"},"modified":"2025-05-13T10:13:41","modified_gmt":"2025-05-13T10:13:41","slug":"about","status":"publish","type":"page","link":"https:\/\/badajoz.royaltandoori.eu\/fr\/about\/","title":{"rendered":"\u00c0 Propos De Nous"},"content":{"rendered":"<div data-elementor-type=\"wp-page\" data-elementor-id=\"52\" class=\"elementor elementor-52\">\n\t\t\t\t<div class=\"elementor-element elementor-element-18234db e-flex e-con-boxed e-con e-parent\" data-id=\"18234db\" data-element_type=\"container\">\n\t\t\t\t\t<div class=\"e-con-inner\">\n\t\t<div class=\"elementor-element elementor-element-be3da91 e-con-full e-flex e-con e-child\" data-id=\"be3da91\" data-element_type=\"container\">\n\t\t\r\n\t\t<div class=\"elementor-element elementor-element-40be8bc elementor-widget elementor-widget-restarsectiontitle\" data-id=\"40be8bc\" data-element_type=\"widget\" data-widget_type=\"restarsectiontitle.default\">\n\t\t\t\t<div class=\"elementor-widget-container\">\n\t\t\t\t\t\t\t<div class=\"title-area text-center\">\r\n\t\t\t<span class=\"sub-title3\"><img decoding=\"async\" src=\"https:\/\/wordpress.themeholy.com\/restar\/wp-content\/uploads\/2024\/05\/title_icon2.svg\" alt=\"title_icon2\" >NOS SERVICES DE RESTAURANT<\/span><h2 class=\"sec-title\">Notre Engagement envers l&#039;Excellence<\/h2>\t\t<\/div>\r\n\r\n\t\t\t\t\t<\/div>\n\t\t\t\t<\/div>\n\t\t\t\t<div class=\"elementor-element elementor-element-220a078 elementor-widget elementor-widget-restarservice\" data-id=\"220a078\" data-element_type=\"widget\" data-widget_type=\"restarservice.default\">\n\t\t\t\t<div class=\"elementor-widget-container\">\n\t\t\t\t\t<div class=\"row gy-4\"><div class=\"col-xl-3 col-md-6\"><div class=\"feature-box\"><div class=\"box-shape\"><img decoding=\"async\" src=\"https:\/\/wordpress.themeholy.com\/restar\/wp-content\/uploads\/2024\/05\/flower_7.png\" alt=\"flower_7\" ><\/div><div class=\"box-icon\"><img decoding=\"async\" src=\"https:\/\/wordpress.themeholy.com\/restar\/wp-content\/uploads\/2024\/05\/feature_box_1.svg\" alt=\"feature_box_1\" ><\/div><div class=\"media-body\"><h3 class=\"box-title text-ani\"><a href=\"\">\u00c9pices Et \u00c9pargne<\/a><\/h3><div class=\"text-ani\"><p class=\"box-text\">Profitez d&#039;une r\u00e9duction sp\u00e9ciale de vous savourer l&#039;authentique \u00e9pices de notre traditionnel de la cuisine Indienne.<\/p><\/div><\/div><\/div><\/div><div class=\"col-xl-3 col-md-6\"><div class=\"feature-box\"><div class=\"box-shape\"><img decoding=\"async\" src=\"https:\/\/wordpress.themeholy.com\/restar\/wp-content\/uploads\/2024\/05\/flower_7.png\" alt=\"flower_7\" ><\/div><div class=\"box-icon\"><img decoding=\"async\" src=\"https:\/\/wordpress.themeholy.com\/restar\/wp-content\/uploads\/2024\/05\/feature_box_2.svg\" alt=\"feature_box_2\" ><\/div><div class=\"media-body\"><h3 class=\"box-title text-ani\"><a href=\"\">Des Recettes Traditionnelles<\/a><\/h3><div class=\"text-ani\"><p class=\"box-text\">Delight dans le classique de recettes Indiennes, savamment pr\u00e9par\u00e9s pour vous apporter de vives saveurs.<\/p><\/div><\/div><\/div><\/div><div class=\"col-xl-3 col-md-6\"><div class=\"feature-box\"><div class=\"box-shape\"><img decoding=\"async\" src=\"https:\/\/wordpress.themeholy.com\/restar\/wp-content\/uploads\/2024\/05\/flower_7.png\" alt=\"flower_7\" ><\/div><div class=\"box-icon\"><img decoding=\"async\" src=\"https:\/\/badajoz.royaltandoori.eu\/wp-content\/uploads\/2024\/05\/feature_box_12.svg\" alt=\"feature_box_12\" ><\/div><div class=\"media-body\"><h3 class=\"box-title text-ani\"><a href=\"\">Des Ingr\u00e9dients Frais<\/a><\/h3><div class=\"text-ani\"><p class=\"box-text\">Nous nous approvisionnons les ingr\u00e9dients les plus frais pour cr\u00e9er de la densit\u00e9, de haute qualit\u00e9, plats \u00e0 chaque repas.<\/p><\/div><\/div><\/div><\/div><div class=\"col-xl-3 col-md-6\"><div class=\"feature-box\"><div class=\"box-shape\"><img decoding=\"async\" src=\"https:\/\/wordpress.themeholy.com\/restar\/wp-content\/uploads\/2024\/05\/flower_7.png\" alt=\"flower_7\" ><\/div><div class=\"box-icon\"><img decoding=\"async\" src=\"https:\/\/wordpress.themeholy.com\/restar\/wp-content\/uploads\/2024\/05\/feature_box_4.svg\" alt=\"feature_box_4\" ><\/div><div class=\"media-body\"><h3 class=\"box-title text-ani\"><a href=\"\">Service De Table<\/a><\/h3><div class=\"text-ani\"><p class=\"box-text\">D\u00e9tendez-vous, car notre personnel vous sert fra\u00eechement pr\u00e9par\u00e9 des plats Indiens, directement \u00e0 votre table avec soin.\n\n<\/p><\/div><\/div><\/div><\/div><\/div>\t\t\t\t<\/div>\n\t\t\t\t<\/div>\n\t\t\t\t<\/div>\n\t\t\t\t\t<\/div>\n\t\t\t\t<\/div>\n\t\t<div class=\"elementor-element elementor-element-6103973 e-con-full e-flex e-con e-parent\" data-id=\"6103973\" data-element_type=\"container\">\n\t\t\t\t<div class=\"elementor-element elementor-element-7e67942 elementor-widget elementor-widget-restarshapeimage\" data-id=\"7e67942\" data-element_type=\"widget\" data-widget_type=\"restarshapeimage.default\">\n\t\t\t\t<div class=\"elementor-widget-container\">\n\t\t\t\t\t<!-- Image --><div class=\"shape-mockup  jump\" data-top=\"10%\" data-right=\"0.01%\"><img decoding=\"async\" src=\"https:\/\/wordpress.themeholy.com\/restar\/wp-content\/uploads\/2024\/05\/flower_2.png\" data-speed=\"1.1\" alt=\"Shape Image\" ><\/div><!-- End Image -->\t\t\t\t<\/div>\n\t\t\t\t<\/div>\n\t\t\t\t<div class=\"elementor-element elementor-element-246f327 elementor-widget elementor-widget-restarshapeimage\" data-id=\"246f327\" data-element_type=\"widget\" data-widget_type=\"restarshapeimage.default\">\n\t\t\t\t<div class=\"elementor-widget-container\">\n\t\t\t\t\t<!-- Image --><div class=\"shape-mockup  jump\" data-bottom=\"10%\" data-right=\"8%\"><img decoding=\"async\" src=\"https:\/\/wordpress.themeholy.com\/restar\/wp-content\/uploads\/2024\/05\/garlic_1.png\" data-speed=\"1.12\" alt=\"Shape Image\" ><\/div><!-- End Image -->\t\t\t\t<\/div>\n\t\t\t\t<\/div>\n\t\t<div class=\"elementor-element elementor-element-96aa7d9 e-flex e-con-boxed e-con e-child\" data-id=\"96aa7d9\" data-element_type=\"container\">\n\t\t\t\t\t<div class=\"e-con-inner\">\n\t\t<div class=\"elementor-element elementor-element-050c6f4 e-con-full e-flex e-con e-child\" data-id=\"050c6f4\" data-element_type=\"container\">\n\t\t<div class=\"elementor-element elementor-element-685a62b e-con-full e-flex e-con e-child\" data-id=\"685a62b\" data-element_type=\"container\">\n\t\t\t\t<div class=\"elementor-element elementor-element-010672d elementor-widget elementor-widget-restarimage\" data-id=\"010672d\" data-element_type=\"widget\" data-widget_type=\"restarimage.default\">\n\t\t\t\t<div class=\"elementor-widget-container\">\n\t\t\t\t\t<div class=\"img-box8\"><div class=\"shape1\"><img decoding=\"async\" src=\"https:\/\/wordpress.themeholy.com\/restar\/wp-content\/uploads\/2024\/05\/flower_8.png\" alt=\"flower_8\"  class=\"gspin\"><\/div><div class=\"img1\"><img decoding=\"async\" src=\"https:\/\/badajoz.royaltandoori.eu\/wp-content\/uploads\/2024\/10\/2023-07-13.jpg\" alt=\"2023 07 13\" ><\/div><\/div>\t\t\t\t<\/div>\n\t\t\t\t<\/div>\n\t\t\t\t<\/div>\n\t\t<div class=\"elementor-element elementor-element-5cbd3c6 e-con-full ps-xxl-5 e-flex e-con e-child\" data-id=\"5cbd3c6\" data-element_type=\"container\">\n\t\t\t\t<div class=\"elementor-element elementor-element-1b288f8 elementor-widget elementor-widget-restarsectiontitle\" data-id=\"1b288f8\" data-element_type=\"widget\" data-widget_type=\"restarsectiontitle.default\">\n\t\t\t\t<div class=\"elementor-widget-container\">\n\t\t\t\t\t\t\t<div class=\"title-area text-center mb-35\">\r\n\t\t\t<span class=\"sub-title3\"><img decoding=\"async\" src=\"https:\/\/wordpress.themeholy.com\/restar\/wp-content\/uploads\/2024\/05\/title_icon2.svg\" alt=\"title_icon2\" >\u00c0 PROPOS DE NOTRE RESTAURANT<\/span><h2 class=\"sec-title\">Un avant-Go\u00fbt de Indias plus Beaux<\/h2><div class=\"text-ani\"><p class=\"sec-text\">Royal Tandoori Restaurant Indien a commenc\u00e9 son voyage en 2010 \u00e0 Saragosse, inspir\u00e9 par la richesse et la diversit\u00e9 des traditions culinaires de l'Inde. Au fil des ans, nous avons grandi \u00e0 15 restaurants \u00e0 travers l'Espagne et le Portugal, en apportant les saveurs authentiques de la cuisine Indienne \u00e0 un nouveau public. Notre derni\u00e8re restaurant, ouvert \u00e0 C\u00e1ceres, est un t\u00e9moignage de notre engagement envers l'excellence et la passion pour le partage de l'Inde du patrimoine gastronomique avec le monde.\n\nAu Royal Tandoori, nous c\u00e9l\u00e9brons l'Inde, la diversit\u00e9 culturelle par le biais de notre menu, proposant un m\u00e9lange de plats traditionnels et modernes qui refl\u00e8tent les sp\u00e9cialit\u00e9s r\u00e9gionales de le pays. \u00c0 partir de la dynamique, d'\u00e9pices-infus\u00e9 currys du nord de l'd\u00e9licat, parfum\u00e9 plats de riz du sud, chaque repas est confectionn\u00e9e \u00e0 l'aide de temps-honor\u00e9 recettes transmises de g\u00e9n\u00e9rations en g\u00e9n\u00e9rations. Nous sommes fiers d'\u00eatre en utilisant les ingr\u00e9dients les plus frais et authentiques \u00e9pices pour s'assurer que chaque plat est une v\u00e9ritable repr\u00e9sentation de l'Inde de la riche tapisserie culinaire.\n\nNotre engagement envers la qualit\u00e9 et le travail acharn\u00e9 a \u00e9t\u00e9 la force motrice derri\u00e8re notre croissance et notre r\u00e9ussite. Comme nous d\u00e9velopper, nous continuons de nous concentrer sur la fourniture d'un service exceptionnel et de fournir \u00e0 nos clients la meilleure exp\u00e9rience de manger du possible. Nous sommes fiers de cr\u00e9er une atmosph\u00e8re o\u00f9 les clients peuvent profiter non seulement un repas, mais une immersion dans l'exp\u00e9rience culturelle.\n\nLa satisfaction client est au c\u0153ur de notre philosophie. Nous innovons sans cesse afin d'am\u00e9liorer l'exp\u00e9rience de manger, offrant un service personnalis\u00e9 et unique de plats pour satisfaire nos clients, de vos go\u00fbts et pr\u00e9f\u00e9rences. Si c'est une r\u00e9union de famille, un repas d'affaires, ou une f\u00eate, Royal Tandoori promet de livrer un avant-go\u00fbt de l'Inde qui persiste longtemps apr\u00e8s le repas. Notre accent sur la tradition, de qualit\u00e9 et de service nous permet de continuer \u00e0 cro\u00eetre et \u00e0 apporter le meilleur de la cuisine Indienne \u00e0 de nouvelles destinations.<\/p><\/div>\t\t<\/div>\r\n\r\n\t\t\t\t\t<\/div>\n\t\t\t\t<\/div>\n\t\t\t\t<div class=\"elementor-element elementor-element-63cfc8d elementor-widget elementor-widget-image\" data-id=\"63cfc8d\" data-element_type=\"widget\" data-widget_type=\"image.default\">\n\t\t\t\t<div class=\"elementor-widget-container\">\n\t\t\t\t\t\t\t\t\t\t\t\t\t\t\t<img decoding=\"async\" width=\"278\" height=\"8\" src=\"https:\/\/badajoz.royaltandoori.eu\/wp-content\/uploads\/2024\/05\/line_dotted_1.svg\" class=\"attachment-full size-full wp-image-420\" alt=\"\" \/>\t\t\t\t\t\t\t\t\t\t\t\t\t\t\t<\/div>\n\t\t\t\t<\/div>\n\t\t\t\t<div class=\"elementor-element elementor-element-ffd63bc elementor-widget elementor-widget-text-editor\" data-id=\"ffd63bc\" data-element_type=\"widget\" data-widget_type=\"text-editor.default\">\n\t\t\t\t<div class=\"elementor-widget-container\">\n\t\t\t\t\t\t\t\t\t<h4 class=\"box-title text-ani\">Royal Group<\/h4>\t\t\t\t\t\t\t\t<\/div>\n\t\t\t\t<\/div>\n\t\t\t\t<\/div>\n\t\t\t\t<\/div>\n\t\t\t\t\t<\/div>\n\t\t\t\t<\/div>\n\t\t\t\t<\/div>\n\t\t<div class=\"elementor-element elementor-element-bd5d9b5 e-flex e-con-boxed e-con e-parent\" data-id=\"bd5d9b5\" data-element_type=\"container\" data-settings=\"{&quot;background_background&quot;:&quot;classic&quot;}\">\n\t\t\t\t\t<div class=\"e-con-inner\">\n\t\t<div class=\"elementor-element elementor-element-880c243 e-con-full e-flex e-con e-child\" data-id=\"880c243\" data-element_type=\"container\">\n\t\t\t\t<div class=\"elementor-element elementor-element-9e9d5d5 elementor-widget elementor-widget-restarcounterup\" data-id=\"9e9d5d5\" data-element_type=\"widget\" data-widget_type=\"restarcounterup.default\">\n\t\t\t\t<div class=\"elementor-widget-container\">\n\t\t\t\t\t<div class=\"counter-card-wrap\"><div class=\"counter-card\"><div class=\"box-shadow\">500<\/div><h2 class=\"box-number num\"><span class=\"counter-number\">500<\/span><\/h2><p class=\"box-text desc\">Notre Dally Ordre<\/p><\/div><div class=\"counter-card\"><div class=\"box-shadow\">15<\/div><h2 class=\"box-number num\"><span class=\"counter-number\">15<\/span><\/h2><p class=\"box-text desc\">Sp\u00e9cialiste En Chef<\/p><\/div><div class=\"counter-card\"><div class=\"box-shadow\">98<\/div><h2 class=\"box-number num\"><span class=\"counter-number\">98<\/span><\/h2><p class=\"box-text desc\">Notre Menu &amp; Plat<\/p><\/div><div class=\"counter-card\"><div class=\"box-shadow\">99<\/div><h2 class=\"box-number num\"><span class=\"counter-number\">99<\/span><\/h2><p class=\"box-text desc\">Nos Membres<\/p><\/div><\/div>\t\t\t\t<\/div>\n\t\t\t\t<\/div>\n\t\t\t\t<\/div>\n\t\t\t\t\t<\/div>\n\t\t\t\t<\/div>\n\t\t<div class=\"elementor-element elementor-element-398697c e-flex e-con-boxed e-con e-parent\" data-id=\"398697c\" data-element_type=\"container\">\n\t\t\t\t\t<div class=\"e-con-inner\">\n\t\t<div class=\"elementor-element elementor-element-49db3e4 e-con-full e-flex e-con e-child\" data-id=\"49db3e4\" data-element_type=\"container\">\n\t\t\t\t<div class=\"elementor-element elementor-element-a910555 elementor-widget elementor-widget-restarvideo\" data-id=\"a910555\" data-element_type=\"widget\" data-widget_type=\"restarvideo.default\">\n\t\t\t\t<div class=\"elementor-widget-container\">\n\t\t\t\t\t<div class=\"th-video video-box1 flipY\" data-pos-for=\"#story-sec\" data-sec-pos=\"bottom-half\"><img decoding=\"async\" src=\"https:\/\/badajoz.royaltandoori.eu\/wp-content\/uploads\/2024\/10\/video_1.jpg\" alt=\"video_1\" ><a href=\"https:\/\/www.youtube.com\/watch?v=IIH5X3szopo\" class=\"play-btn style2 popup-video\"><i class=\"fa-sharp fa-solid fa-play\"><\/i><\/a><\/div>\t\t\t\t<\/div>\n\t\t\t\t<\/div>\n\t\t\t\t<\/div>\n\t\t\t\t\t<\/div>\n\t\t\t\t<\/div>\n\t\t<div class=\"elementor-element elementor-element-3a6af5c e-flex e-con-boxed e-con e-parent\" data-id=\"3a6af5c\" data-element_type=\"container\" id=\"story-sec\" data-settings=\"{&quot;background_background&quot;:&quot;classic&quot;}\">\n\t\t\t\t\t<div class=\"e-con-inner\">\n\t\t\t\t<div class=\"elementor-element elementor-element-6f350d3 elementor-widget elementor-widget-restarimage\" data-id=\"6f350d3\" data-element_type=\"widget\" data-widget_type=\"restarimage.default\">\n\t\t\t\t<div class=\"elementor-widget-container\">\n\t\t\t\t\t<div class=\"img-box1\"><div class=\"shape1\"><img decoding=\"async\" src=\"https:\/\/badajoz.royaltandoori.eu\/wp-content\/uploads\/2024\/04\/royal-tandoori-logo.png\" alt=\"royal tandoori logo\" ><\/div><div class=\"shape2\"><img decoding=\"async\" src=\"https:\/\/badajoz.royaltandoori.eu\/wp-content\/uploads\/2024\/04\/royal-tandoori-logo.png\" alt=\"royal tandoori logo\" ><\/div><\/div>\t\t\t\t<\/div>\n\t\t\t\t<\/div>\n\t\t\t\t\t<\/div>\n\t\t\t\t<\/div>\n\t\t\t\t<\/div>","protected":false},"excerpt":{"rendered":"<p>OUR RESTAURANT SERVICES Our Commitment to Excellence Spice &amp; Savings Enjoy a special discount as you savor the authentic spices of our traditional Indian cuisine. Traditional Recipes Delight in classic Indian recipes, expertly prepared to bring you bold, vibrant flavors. Fresh Ingredients We source the freshest ingredients to create flavorful, high-quality dishes with every meal&#8230;.<\/p>","protected":false},"author":1,"featured_media":0,"parent":0,"menu_order":0,"comment_status":"closed","ping_status":"closed","template":"template-builder.php","meta":{"footnotes":""},"class_list":["post-52","page","type-page","status-publish","hentry"],"_links":{"self":[{"href":"https:\/\/badajoz.royaltandoori.eu\/fr\/wp-json\/wp\/v2\/pages\/52","targetHints":{"allow":["GET"]}}],"collection":[{"href":"https:\/\/badajoz.royaltandoori.eu\/fr\/wp-json\/wp\/v2\/pages"}],"about":[{"href":"https:\/\/badajoz.royaltandoori.eu\/fr\/wp-json\/wp\/v2\/types\/page"}],"author":[{"embeddable":true,"href":"https:\/\/badajoz.royaltandoori.eu\/fr\/wp-json\/wp\/v2\/users\/1"}],"replies":[{"embeddable":true,"href":"https:\/\/badajoz.royaltandoori.eu\/fr\/wp-json\/wp\/v2\/comments?post=52"}],"version-history":[{"count":0,"href":"https:\/\/badajoz.royaltandoori.eu\/fr\/wp-json\/wp\/v2\/pages\/52\/revisions"}],"wp:attachment":[{"href":"https:\/\/badajoz.royaltandoori.eu\/fr\/wp-json\/wp\/v2\/media?parent=52"}],"curies":[{"name":"wp","href":"https:\/\/api.w.org\/{rel}","templated":true}]}}